{"id":2070,"date":"2025-03-02T15:55:57","date_gmt":"2025-03-02T15:55:57","guid":{"rendered":"https:\/\/kineholistic.lu\/?page_id=2070"},"modified":"2025-10-23T16:11:09","modified_gmt":"2025-10-23T16:11:09","slug":"elementor-2070","status":"publish","type":"page","link":"https:\/\/kineholistic.lu\/fr\/elementor-2070\/","title":{"rendered":"D\u00e9claration de confidentialit\u00e9"},"content":{"rendered":"<div data-elementor-type=\"wp-page\" data-elementor-id=\"2070\" class=\"elementor elementor-2070\">\n\t\t\t\t<div class=\"elementor-element elementor-element-6dee088 e-flex e-con-boxed e-con e-parent\" data-id=\"6dee088\" data-element_type=\"container\">\n\t\t\t\t\t<div class=\"e-con-inner\">\n\t\t\t\t<div class=\"elementor-element elementor-element-617a912 elementor-widget elementor-widget-image\" data-id=\"617a912\" data-element_type=\"widget\" data-widget_type=\"image.default\">\n\t\t\t\t\t\t\t\t\t\t\t\t\t\t\t<img decoding=\"async\" src=\"https:\/\/kineholistic.lu\/wp-content\/uploads\/2021\/11\/contact-hero.jpg\" title=\"\" alt=\"\" loading=\"lazy\" \/>\t\t\t\t\t\t\t\t\t\t\t\t\t\t\t<\/div>\n\t\t\t\t<div class=\"elementor-element elementor-element-f9312c9 elementor-widget elementor-widget-heading\" data-id=\"f9312c9\" data-element_type=\"widget\" data-widget_type=\"heading.default\">\n\t\t\t\t\t<h2 class=\"elementor-heading-title elementor-size-default\"><span class=\"elementor-heading-title elementor-size-default\" style=\"white-space: normal;, sans-serif;font-weight: 700;line-height: 53px;font-size: 59px;text-transform: uppercase\">DATENSCHUTZ\u00adERKL\u00c4RUNG<\/span><\/h2>\t\t\t\t<\/div>\n\t\t\t\t<div class=\"elementor-element elementor-element-e287425 elementor-widget elementor-widget-text-editor\" data-id=\"e287425\" data-element_type=\"widget\" data-widget_type=\"text-editor.default\">\n\t\t\t\t\t\t\t\t\t<p data-start=\"116\" data-end=\"142\"><strong data-start=\"116\" data-end=\"142\">Verantwortliche Stelle<\/strong><\/p>\n<p data-start=\"144\" data-end=\"237\">Die Stelle, die f\u00fcr die Verarbeitung der Daten auf dieser Website verantwortlich ist, lautet:<\/p><p data-start=\"144\" data-end=\"237\"><br><\/p>\n<p data-start=\"239\" data-end=\"296\">Kin\u00e9 Holistic<br data-start=\"252\" data-end=\"255\">19, Duarrefstrooss<br data-start=\"273\" data-end=\"276\">L-9990 Weiswampach<\/p>\n<p data-start=\"298\" data-end=\"359\">Telefon: (+352) 691 143 002<br data-start=\"325\" data-end=\"328\">E-Mail: <a class=\"decorated-link cursor-pointer\" rel=\"noopener\" data-start=\"336\" data-end=\"359\">kontakt@kineholistic.lu<\/a><\/p>\n<p data-start=\"298\" data-end=\"359\"><a class=\"decorated-link cursor-pointer\" rel=\"noopener\" data-start=\"336\" data-end=\"359\">&nbsp;<\/a><\/p>\n<hr data-start=\"361\" data-end=\"364\">\n<p data-start=\"366\" data-end=\"389\"><strong data-start=\"366\" data-end=\"389\">Erfasste Datenarten<\/strong><\/p>\n<p data-start=\"391\" data-end=\"486\">Im Rahmen unserer Dienstleistungen erheben und verarbeiten wir folgende personenbezogene Daten:<\/p>\n<ul data-start=\"488\" data-end=\"610\">\n<li data-start=\"488\" data-end=\"496\">\n<p data-start=\"490\" data-end=\"496\">Name<\/p>\n<\/li>\n<li data-start=\"497\" data-end=\"508\">\n<p data-start=\"499\" data-end=\"508\">Adresse<\/p>\n<\/li>\n<li data-start=\"509\" data-end=\"526\">\n<p data-start=\"511\" data-end=\"526\">Num\u00e9ro de portable<\/p>\n<\/li>\n<li data-start=\"527\" data-end=\"545\">\n<p data-start=\"529\" data-end=\"545\">E-Mail-Adresse<\/p>\n<\/li>\n<li data-start=\"546\" data-end=\"610\">\n<p data-start=\"548\" data-end=\"610\">Gesundheitsbezogene Daten wie Diagnosen und Behandlungsverlauf<\/p>\n<\/li>\n<\/ul>\n<hr data-start=\"612\" data-end=\"615\">\n<p data-start=\"617\" data-end=\"648\"><strong data-start=\"617\" data-end=\"648\">Zweck der Datenverarbeitung<\/strong><\/p>\n<p data-start=\"650\" data-end=\"705\">Die erhobenen Daten werden f\u00fcr folgende Zwecke genutzt:<\/p>\n<ul data-start=\"707\" data-end=\"864\">\n<li data-start=\"707\" data-end=\"729\">\n<p data-start=\"709\" data-end=\"729\">Terminvereinbarung<\/p>\n<\/li>\n<li data-start=\"730\" data-end=\"757\">\n<p data-start=\"732\" data-end=\"757\">Kommunikation mit Ihnen<\/p>\n<\/li>\n<li data-start=\"758\" data-end=\"788\">\n<p data-start=\"760\" data-end=\"788\">Dokumentation von Befunden<\/p>\n<\/li>\n<li data-start=\"789\" data-end=\"815\">\n<p data-start=\"791\" data-end=\"815\">Abrechnung mit der CNS<\/p>\n<\/li>\n<li data-start=\"816\" data-end=\"864\">\n<p data-start=\"818\" data-end=\"864\">Erstellung von individuellen Behandlungspl\u00e4nen<\/p>\n<\/li>\n<\/ul>\n<p data-start=\"866\" data-end=\"1051\">Die rechtliche Grundlage f\u00fcr die Datenverarbeitung bildet entweder die Erf\u00fcllung eines Vertrags gem\u00e4\u00df Art. 6 Abs. 1 lit. b DSGVO oder Ihre Einwilligung gem\u00e4\u00df Art. 6 Abs. 1 lit. a DSGVO.<\/p><p data-start=\"866\" data-end=\"1051\"><br><\/p>\n<p data-start=\"866\" data-end=\"1051\">\n<\/p><hr data-start=\"1053\" data-end=\"1056\">\n<p data-start=\"1058\" data-end=\"1092\"><strong data-start=\"1058\" data-end=\"1092\">Weitergabe von Daten an Dritte<\/strong><\/p>\n<p data-start=\"1094\" data-end=\"1278\">Eine \u00dcbermittlung Ihrer personenbezogenen Daten an Dritte erfolgt nur, wenn dies gesetzlich erlaubt ist oder Sie ausdr\u00fccklich eingewilligt haben. M\u00f6gliche Empf\u00e4nger sind unter anderem:<\/p>\n<p data-start=\"1094\" data-end=\"1278\"><br><\/p>\n<ul>\n<li><strong data-start=\"76\" data-end=\"89\">Termin2go:&nbsp;<\/strong><span style=\"font-style: inherit; text-align: var(--text-align); caret-color: #000000; color: #000000;\">F\u00fcr die Termin- und Kundenverwaltung verwendet Kin\u00e9 Holistic die cloudbasierte Softwarel\u00f6sung&nbsp;<\/span><strong style=\"font-style: inherit; text-align: var(--text-align); caret-color: #000000; color: #000000;\" data-start=\"183\" data-end=\"198\">\u201eTermin2go\u201c<\/strong><span style=\"font-style: inherit; text-align: var(--text-align); caret-color: #000000; color: #000000;\">. Diese Online-Plattform erm\u00f6glicht eine einfache und effiziente Buchung von Terminen sowie die Verwaltung relevanter Kundendaten.&nbsp;<\/span><span style=\"caret-color: rgb(0, 0, 0); color: rgb(0, 0, 0); text-align: var(--text-align);\">Die Software wird bereitgestellt von der&nbsp;<\/span><strong data-start=\"371\" data-end=\"389\" style=\"caret-color: rgb(0, 0, 0); color: rgb(0, 0, 0); text-align: var(--text-align);\">Termin2go GmbH<\/strong><span style=\"caret-color: rgb(0, 0, 0); color: rgb(0, 0, 0); text-align: var(--text-align);\">, ans\u00e4ssig in Radinkendorf 20, 15848 Beeeskow, Deutschland.&nbsp;<\/span><span style=\"caret-color: rgb(0, 0, 0); color: rgb(0, 0, 0); text-align: var(--text-align); font-style: inherit;\">Ausf\u00fchrliche Informationen zu \u201eTermin2go\u201c und den damit verbundenen Datenschutzbestimmungen finden Sie unter folgendem Link:&nbsp;<\/span><a class=\"decorated-link\" href=\"https:\/\/www.termin2go.com\/datenschutz\" target=\"_new\" rel=\"noopener\" data-start=\"577\" data-end=\"655\" style=\"caret-color: rgb(0, 0, 0); text-align: var(--text-align);\">https:\/\/www.termin2go.com\/datenschutz<\/a><\/li>\n<\/ul>\n<p data-start=\"1094\" data-end=\"1278\">\n<\/p><ul data-start=\"1280\" data-end=\"1313\">\n<li data-start=\"1280\" data-end=\"1313\">\n<p data-start=\"1282\" data-end=\"1313\">CNS (Caisse Nationale de Sant\u00e9)<\/p>\n<\/li>\n<\/ul>\n<hr data-start=\"1315\" data-end=\"1318\">\n<p data-start=\"1320\" data-end=\"1337\"><strong data-start=\"1320\" data-end=\"1337\">Speicherfrist<\/strong><\/p>\n<p data-start=\"1339\" data-end=\"1574\">Ihre personenbezogenen Daten werden nur so lange aufbewahrt, wie es f\u00fcr die genannten Zwecke notwendig oder gesetzlich vorgeschrieben ist. Wir setzen angemessene technische und organisatorische Ma\u00dfnahmen ein, um Ihre Daten zu sch\u00fctzen.<\/p><p data-start=\"1339\" data-end=\"1574\"><br><\/p>\n<p data-start=\"1339\" data-end=\"1574\">\n<\/p><hr data-start=\"1576\" data-end=\"1579\">\n<p data-start=\"1581\" data-end=\"1596\"><strong data-start=\"1581\" data-end=\"1596\">Ihre Rechte<\/strong><\/p>\n<p data-start=\"1598\" data-end=\"1618\">Sie haben das Recht:<\/p>\n<ul data-start=\"1620\" data-end=\"2139\">\n<li data-start=\"1620\" data-end=\"1715\">\n<p data-start=\"1622\" data-end=\"1715\">Auskunft \u00fcber die bei uns gespeicherten personenbezogenen Daten zu erhalten (Art. 15 DSGVO)<\/p>\n<\/li>\n<li data-start=\"1716\" data-end=\"1809\">\n<p data-start=\"1718\" data-end=\"1809\">Unrichtige Daten berichtigen oder unvollst\u00e4ndige Daten erg\u00e4nzen zu lassen (Art. 16 DSGVO)<\/p>\n<\/li>\n<li data-start=\"1810\" data-end=\"1867\">\n<p data-start=\"1812\" data-end=\"1867\">Die L\u00f6schung Ihrer Daten zu verlangen (Art. 17 DSGVO)<\/p>\n<\/li>\n<li data-start=\"1868\" data-end=\"1931\">\n<p data-start=\"1870\" data-end=\"1931\">Die Verarbeitung Ihrer Daten einzuschr\u00e4nken (Art. 18 DSGVO)<\/p>\n<\/li>\n<li data-start=\"1932\" data-end=\"1997\">\n<p data-start=\"1934\" data-end=\"1997\">Widerspruch gegen die Verarbeitung einzulegen (Art. 21 DSGVO)<\/p>\n<\/li>\n<li data-start=\"1998\" data-end=\"2051\">\n<p data-start=\"2000\" data-end=\"2051\">Daten\u00fcbertragbarkeit zu verlangen (Art. 20 DSGVO)<\/p>\n<\/li>\n<li data-start=\"2052\" data-end=\"2139\">\n<p data-start=\"2054\" data-end=\"2139\">Ihre Einwilligung zur Datenverarbeitung jederzeit zu widerrufen (Art. 7 Abs. 3 DSGVO)<\/p>\n<\/li>\n<\/ul>\n<p data-start=\"2141\" data-end=\"2239\">Zur Aus\u00fcbung dieser Rechte k\u00f6nnen Sie sich jederzeit per E-Mail an <a class=\"decorated-link cursor-pointer\" rel=\"noopener\" data-start=\"2208\" data-end=\"2231\">kontakt@kineholistic.lu<\/a> wenden.<\/p><p data-start=\"2141\" data-end=\"2239\"><br><\/p>\n<p data-start=\"2141\" data-end=\"2239\">\n<\/p><hr data-start=\"2241\" data-end=\"2244\">\n<p data-start=\"2246\" data-end=\"2285\"><strong data-start=\"2246\" data-end=\"2285\">\u00c4nderungen der Datenschutzerkl\u00e4rung<\/strong><\/p>\n<p data-start=\"2287\" data-end=\"2483\">Wir behalten uns das Recht vor, diese Datenschutzerkl\u00e4rung jederzeit zu aktualisieren. Die jeweils aktuelle Fassung finden Sie auf unserer Website. \u00c4nderungen treten mit Ver\u00f6ffentlichung in Kraft.<\/p><p data-start=\"2287\" data-end=\"2483\"><br><\/p>\n<p data-start=\"2287\" data-end=\"2483\">\n<\/p><hr data-start=\"2485\" data-end=\"2488\">\n<p data-start=\"2490\" data-end=\"2501\"><strong data-start=\"2490\" data-end=\"2501\">Contact<\/strong><\/p>\n<p data-start=\"2503\" data-end=\"2625\">Bei Fragen zur Verarbeitung Ihrer personenbezogenen Daten steht Ihnen das Team von Kin\u00e9 Holistic gerne zur Verf\u00fcgung:<\/p><p data-start=\"2503\" data-end=\"2625\"><br><\/p>\n<p data-start=\"2503\" data-end=\"2625\">\n<\/p><p data-start=\"2627\" data-end=\"2684\">Kin\u00e9 Holistic<br data-start=\"2640\" data-end=\"2643\">19, Duarrefstrooss<br data-start=\"2661\" data-end=\"2664\">L-9990 Weiswampach<\/p>\n<p data-start=\"2686\" data-end=\"2747\">Telefon: (+352) 691 143 002<br data-start=\"2713\" data-end=\"2716\">E-Mail: <a class=\"decorated-link cursor-pointer\" rel=\"noopener\" data-start=\"2724\" data-end=\"2747\">kontakt@kineholistic.lu<\/a><\/p>\t\t\t\t\t\t\t\t<\/div>\n\t\t\t\t\t<\/div>\n\t\t\t\t<\/div>\n\t\t\t\t<\/div>","protected":false},"excerpt":{"rendered":"<p>DATENSCHUTZ\u00adERKL\u00c4RUNG Verantwortliche Stelle Die Stelle, die f\u00fcr die Verarbeitung der Daten auf dieser Website verantwortlich ist, lautet: Kin\u00e9 Holistic19, DuarrefstroossL-9990 Weiswampach Telefon: (+352) 691 143 002E-Mail: kontakt@kineholistic.lu &nbsp; Erfasste Datenarten Im Rahmen unserer Dienstleistungen erheben und verarbeiten wir folgende personenbezogene Daten: Name Adresse Telefonnummer E-Mail-Adresse Gesundheitsbezogene Daten wie Diagnosen und Behandlungsverlauf Zweck der Datenverarbeitung Die [&hellip;]<\/p>\n","protected":false},"author":2,"featured_media":0,"parent":0,"menu_order":0,"comment_status":"closed","ping_status":"closed","template":"","meta":{"site-sidebar-layout":"no-sidebar","site-content-layout":"page-builder","ast-site-content-layout":"full-width-container","site-content-style":"default","site-sidebar-style":"default","ast-global-header-display":"","ast-banner-title-visibility":"","ast-main-header-display":"","ast-hfb-above-header-display":"","ast-hfb-below-header-display":"","ast-hfb-mobile-header-display":"","site-post-title":"disabled","ast-breadcrumbs-content":"","ast-featured-img":"disabled","footer-sml-layout":"","theme-transparent-header-meta":"","adv-header-id-meta":"","stick-header-meta":"","header-above-stick-meta":"","header-main-stick-meta":"","header-below-stick-meta":"","astra-migrate-meta-layouts":"set","ast-page-background-enabled":"default","ast-page-background-meta":{"desktop":{"background-color":"var(--ast-global-color-4)","background-image":"","background-repeat":"repeat","background-position":"center center","background-size":"auto","background-attachment":"scroll","background-type":"","background-media":"","overlay-type":"","overlay-color":"","overlay-opacity":"","overlay-gradient":""},"tablet":{"background-color":"","background-image":"","background-repeat":"repeat","background-position":"center center","background-size":"auto","background-attachment":"scroll","background-type":"","background-media":"","overlay-type":"","overlay-color":"","overlay-opacity":"","overlay-gradient":""},"mobile":{"background-color":"","background-image":"","background-repeat":"repeat","background-position":"center center","background-size":"auto","background-attachment":"scroll","background-type":"","background-media":"","overlay-type":"","overlay-color":"","overlay-opacity":"","overlay-gradient":""}},"ast-content-background-meta":{"desktop":{"background-color":"var(--ast-global-color-5)","background-image":"","background-repeat":"repeat","background-position":"center center","background-size":"auto","background-attachment":"scroll","background-type":"","background-media":"","overlay-type":"","overlay-color":"","overlay-opacity":"","overlay-gradient":""},"tablet":{"background-color":"var(--ast-global-color-5)","background-image":"","background-repeat":"repeat","background-position":"center center","background-size":"auto","background-attachment":"scroll","background-type":"","background-media":"","overlay-type":"","overlay-color":"","overlay-opacity":"","overlay-gradient":""},"mobile":{"background-color":"var(--ast-global-color-5)","background-image":"","background-repeat":"repeat","background-position":"center center","background-size":"auto","background-attachment":"scroll","background-type":"","background-media":"","overlay-type":"","overlay-color":"","overlay-opacity":"","overlay-gradient":""}},"advanced_seo_description":"","jetpack_seo_html_title":"","jetpack_seo_noindex":false,"footnotes":""},"class_list":["post-2070","page","type-page","status-publish","hentry"],"jetpack_sharing_enabled":true,"_links":{"self":[{"href":"https:\/\/kineholistic.lu\/fr\/wp-json\/wp\/v2\/pages\/2070","targetHints":{"allow":["GET"]}}],"collection":[{"href":"https:\/\/kineholistic.lu\/fr\/wp-json\/wp\/v2\/pages"}],"about":[{"href":"https:\/\/kineholistic.lu\/fr\/wp-json\/wp\/v2\/types\/page"}],"author":[{"embeddable":true,"href":"https:\/\/kineholistic.lu\/fr\/wp-json\/wp\/v2\/users\/2"}],"replies":[{"embeddable":true,"href":"https:\/\/kineholistic.lu\/fr\/wp-json\/wp\/v2\/comments?post=2070"}],"version-history":[{"count":29,"href":"https:\/\/kineholistic.lu\/fr\/wp-json\/wp\/v2\/pages\/2070\/revisions"}],"predecessor-version":[{"id":2436,"href":"https:\/\/kineholistic.lu\/fr\/wp-json\/wp\/v2\/pages\/2070\/revisions\/2436"}],"wp:attachment":[{"href":"https:\/\/kineholistic.lu\/fr\/wp-json\/wp\/v2\/media?parent=2070"}],"curies":[{"name":"wp","href":"https:\/\/api.w.org\/{rel}","templated":true}]}}