{"id":1802,"date":"2025-02-23T19:28:57","date_gmt":"2025-02-23T19:28:57","guid":{"rendered":"https:\/\/kineholistic.lu\/about-2\/"},"modified":"2025-06-17T17:31:42","modified_gmt":"2025-06-17T17:31:42","slug":"about-2","status":"publish","type":"page","link":"https:\/\/kineholistic.lu\/fr\/about-2\/","title":{"rendered":"\u00c0 propos"},"content":{"rendered":"<div data-elementor-type=\"wp-page\" data-elementor-id=\"1802\" class=\"elementor elementor-1802\">\n\t\t\t\t<div class=\"elementor-element elementor-element-dcfb448 e-flex e-con-boxed e-con e-parent\" data-id=\"dcfb448\" data-element_type=\"container\" data-settings=\"{&quot;background_background&quot;:&quot;classic&quot;}\">\n\t\t\t\t\t<div class=\"e-con-inner\">\n\t\t<div class=\"elementor-element elementor-element-d21b7e0 e-flex e-con-boxed e-con e-child\" data-id=\"d21b7e0\" data-element_type=\"container\">\n\t\t\t\t\t<div class=\"e-con-inner\">\n\t\t\t\t<div class=\"elementor-element elementor-element-6bb0406 elementor-widget elementor-widget-heading\" data-id=\"6bb0406\" data-element_type=\"widget\" data-widget_type=\"heading.default\">\n\t\t\t\t\t<h1 class=\"elementor-heading-title elementor-size-default\">\u00c0 propos<\/h1>\t\t\t\t<\/div>\n\t\t\t\t\t<\/div>\n\t\t\t\t<\/div>\n\t\t\t\t\t<\/div>\n\t\t\t\t<\/div>\n\t\t<div class=\"elementor-element elementor-element-500861b e-flex e-con-boxed e-con e-parent\" data-id=\"500861b\" data-element_type=\"container\">\n\t\t\t\t\t<div class=\"e-con-inner\">\n\t\t<div class=\"elementor-element elementor-element-7dbc6fb e-con-full e-flex e-con e-child\" data-id=\"7dbc6fb\" data-element_type=\"container\">\n\t\t\t\t<div class=\"elementor-element elementor-element-6658dc9 elementor-widget elementor-widget-heading\" data-id=\"6658dc9\" data-element_type=\"widget\" data-widget_type=\"heading.default\">\n\t\t\t\t\t<h4 class=\"elementor-heading-title elementor-size-default\">En avril 2025, nous nous sommes install\u00e9s \u00e0 Weiswampach. Vous nous trouverez dans le b\u00e2timent de Wiesen-Piront, au 19 Duarrefstrooss, au 3e \u00e9tage (accessible par ascenseur). <\/h4>\t\t\t\t<\/div>\n\t\t\t\t<div class=\"elementor-element elementor-element-8c707fb elementor-widget elementor-widget-text-editor\" data-id=\"8c707fb\" data-element_type=\"widget\" data-widget_type=\"text-editor.default\">\n\t\t\t\t\t\t\t\t\t<h3>Nous vous proposons les traitements suivants :<\/h3>\t\t\t\t\t\t\t\t<\/div>\n\t\t\t\t<div class=\"elementor-element elementor-element-635a41e elementor-align-center elementor-widget elementor-widget-button\" data-id=\"635a41e\" data-element_type=\"widget\" data-widget_type=\"button.default\">\n\t\t\t\t\t\t\t\t\t\t<a class=\"elementor-button elementor-button-link elementor-size-sm\" href=\"https:\/\/kineholistic.lu\/fr\/services-2\/\">\n\t\t\t\t\t\t<span class=\"elementor-button-content-wrapper\">\n\t\t\t\t\t\t\t\t\t<span class=\"elementor-button-text\">Prestations<\/span>\n\t\t\t\t\t<\/span>\n\t\t\t\t\t<\/a>\n\t\t\t\t\t\t\t\t<\/div>\n\t\t<div class=\"elementor-element elementor-element-88ff5bc e-grid e-con-full e-con e-child\" data-id=\"88ff5bc\" data-element_type=\"container\">\n\t\t\t\t<div class=\"elementor-element elementor-element-c93a39d elementor-widget elementor-widget-image\" data-id=\"c93a39d\" data-element_type=\"widget\" data-widget_type=\"image.default\">\n\t\t\t\t\t\t\t\t\t\t\t\t\t\t\t<img fetchpriority=\"high\" decoding=\"async\" width=\"768\" height=\"1024\" src=\"https:\/\/kineholistic.lu\/wp-content\/uploads\/2025\/03\/zoe-768x1024.jpg\" class=\"attachment-large size-large wp-image-2187\" alt=\"\" srcset=\"https:\/\/kineholistic.lu\/wp-content\/uploads\/2025\/03\/zoe-768x1024.jpg 768w, https:\/\/kineholistic.lu\/wp-content\/uploads\/2025\/03\/zoe-225x300.jpg 225w, https:\/\/kineholistic.lu\/wp-content\/uploads\/2025\/03\/zoe-1152x1536.jpg 1152w, https:\/\/kineholistic.lu\/wp-content\/uploads\/2025\/03\/zoe-1536x2048.jpg 1536w, https:\/\/kineholistic.lu\/wp-content\/uploads\/2025\/03\/zoe-9x12.jpg 9w, https:\/\/kineholistic.lu\/wp-content\/uploads\/2025\/03\/zoe-scaled.jpg 1920w\" sizes=\"(max-width: 768px) 100vw, 768px\" \/>\t\t\t\t\t\t\t\t\t\t\t\t\t\t\t<\/div>\n\t\t<div class=\"elementor-element elementor-element-bda37a0 e-con-full e-flex e-con e-child\" data-id=\"bda37a0\" data-element_type=\"container\">\n\t\t\t\t<div class=\"elementor-element elementor-element-6d20ef0 elementor-widget elementor-widget-heading\" data-id=\"6d20ef0\" data-element_type=\"widget\" data-widget_type=\"heading.default\">\n\t\t\t\t\t<h3 class=\"elementor-heading-title elementor-size-default\">Zoe Ahmad<\/h3>\t\t\t\t<\/div>\n\t\t\t\t<div class=\"elementor-element elementor-element-91bab08 elementor-widget elementor-widget-text-editor\" data-id=\"91bab08\" data-element_type=\"widget\" data-widget_type=\"text-editor.default\">\n\t\t\t\t\t\t\t\t\t<p>En mars 2022, j'ai obtenu mon dipl\u00f4me de kin\u00e9sith\u00e9rapie. Depuis juin 2022, je travaille dans un cabinet \u00e0 l'est du pays o\u00f9 j'ai pu appliquer et d\u00e9velopper mes comp\u00e9tences en kin\u00e9sith\u00e9rapie.\u00a0<\/p>\t\t\t\t\t\t\t\t<\/div>\n\t\t\t\t<\/div>\n\t\t\t\t<div class=\"elementor-element elementor-element-e58f566 elementor-widget elementor-widget-image\" data-id=\"e58f566\" data-element_type=\"widget\" data-widget_type=\"image.default\">\n\t\t\t\t\t\t\t\t\t\t\t\t\t\t\t<img decoding=\"async\" width=\"768\" height=\"1024\" src=\"https:\/\/kineholistic.lu\/wp-content\/uploads\/2025\/03\/andy-768x1024.jpg\" class=\"attachment-large size-large wp-image-2188\" alt=\"\" srcset=\"https:\/\/kineholistic.lu\/wp-content\/uploads\/2025\/03\/andy-768x1024.jpg 768w, https:\/\/kineholistic.lu\/wp-content\/uploads\/2025\/03\/andy-225x300.jpg 225w, https:\/\/kineholistic.lu\/wp-content\/uploads\/2025\/03\/andy-1152x1536.jpg 1152w, https:\/\/kineholistic.lu\/wp-content\/uploads\/2025\/03\/andy-1536x2048.jpg 1536w, https:\/\/kineholistic.lu\/wp-content\/uploads\/2025\/03\/andy-9x12.jpg 9w, https:\/\/kineholistic.lu\/wp-content\/uploads\/2025\/03\/andy-scaled.jpg 1920w\" sizes=\"(max-width: 768px) 100vw, 768px\" \/>\t\t\t\t\t\t\t\t\t\t\t\t\t\t\t<\/div>\n\t\t<div class=\"elementor-element elementor-element-2deedaa e-con-full e-flex e-con e-child\" data-id=\"2deedaa\" data-element_type=\"container\">\n\t\t<div class=\"elementor-element elementor-element-645686b e-flex e-con-boxed e-con e-child\" data-id=\"645686b\" data-element_type=\"container\">\n\t\t\t\t\t<div class=\"e-con-inner\">\n\t\t\t\t<div class=\"elementor-element elementor-element-28de25d elementor-widget elementor-widget-heading\" data-id=\"28de25d\" data-element_type=\"widget\" data-widget_type=\"heading.default\">\n\t\t\t\t\t<h3 class=\"elementor-heading-title elementor-size-default\">Andy Aachen<\/h3>\t\t\t\t<\/div>\n\t\t\t\t<div class=\"elementor-element elementor-element-637c161 elementor-widget elementor-widget-text-editor\" data-id=\"637c161\" data-element_type=\"widget\" data-widget_type=\"text-editor.default\">\n\t\t\t\t\t\t\t\t\t<p>En mars 2022, j'ai obtenu mon dipl\u00f4me de kin\u00e9sith\u00e9rapie. Depuis juillet 2022, je travaille dans un cabinet au sud du pays. En compl\u00e9ment de mes activit\u00e9s de kin\u00e9sith\u00e9rapie, je me suis sp\u00e9cialis\u00e9 en ost\u00e9opathie en 4\u00e8me ann\u00e9e.<\/p>\t\t\t\t\t\t\t\t<\/div>\n\t\t\t\t\t<\/div>\n\t\t\t\t<\/div>\n\t\t\t\t<\/div>\n\t\t\t\t<\/div>\n\t\t\t\t<\/div>\n\t\t\t\t\t<\/div>\n\t\t\t\t<\/div>\n\t\t<div class=\"elementor-element elementor-element-ba46aa4 e-flex e-con-boxed e-con e-parent\" data-id=\"ba46aa4\" data-element_type=\"container\" data-settings=\"{&quot;background_background&quot;:&quot;classic&quot;}\">\n\t\t\t\t\t<div class=\"e-con-inner\">\n\t\t<div class=\"elementor-element elementor-element-920e714 e-con-full e-flex e-con e-child\" data-id=\"920e714\" data-element_type=\"container\">\n\t\t\t\t<\/div>\n\t\t<div class=\"elementor-element elementor-element-94092f7 e-con-full e-flex e-con e-child\" data-id=\"94092f7\" data-element_type=\"container\">\n\t\t\t\t<div class=\"elementor-element elementor-element-7f86a88 elementor-widget elementor-widget-heading\" data-id=\"7f86a88\" data-element_type=\"widget\" data-widget_type=\"heading.default\">\n\t\t\t\t\t<h4 class=\"elementor-heading-title elementor-size-default\">\"Le mouvement est le principe de toute vie.\"<\/h4>\t\t\t\t<\/div>\n\t\t\t\t<div class=\"elementor-element elementor-element-22c93f1 elementor-widget elementor-widget-text-editor\" data-id=\"22c93f1\" data-element_type=\"widget\" data-widget_type=\"text-editor.default\">\n\t\t\t\t\t\t\t\t\t<p>Leonardo da Vinci<\/p>\t\t\t\t\t\t\t\t<\/div>\n\t\t\t\t<\/div>\n\t\t<div class=\"elementor-element elementor-element-0bd015f e-con-full e-flex e-con e-child\" data-id=\"0bd015f\" data-element_type=\"container\">\n\t\t\t\t<\/div>\n\t\t\t\t\t<\/div>\n\t\t\t\t<\/div>\n\t\t\t\t<\/div>","protected":false},"excerpt":{"rendered":"<p>\u00dcber uns Im April 2025 haben wir uns in Weiswampach niedergelassen. Sie finden uns im Geb\u00e4ude von Wiesen-Piront in der Duarrefstrooss 19 auf der 3. Etage (barrierefrei erreichbar). Folgende Behandlungsm\u00f6glichkeiten bieten wir an : Leistungen Zoe Ahmad Im M\u00e4rz 2022 habe ich mein Diplom zum Kin\u00e9sith\u00e9rapeuten erhalten. Seit Juni 2022 arbeite ich in einem Cabinet [&hellip;]<\/p>\n","protected":false},"author":2,"featured_media":0,"parent":0,"menu_order":0,"comment_status":"closed","ping_status":"closed","template":"","meta":{"site-sidebar-layout":"no-sidebar","site-content-layout":"page-builder","ast-site-content-layout":"","site-content-style":"default","site-sidebar-style":"default","ast-global-header-display":"","ast-banner-title-visibility":"","ast-main-header-display":"","ast-hfb-above-header-display":"","ast-hfb-below-header-display":"","ast-hfb-mobile-header-display":"","site-post-title":"disabled","ast-breadcrumbs-content":"","ast-featured-img":"disabled","footer-sml-layout":"","theme-transparent-header-meta":"enabled","adv-header-id-meta":"","stick-header-meta":"","header-above-stick-meta":"","header-main-stick-meta":"","header-below-stick-meta":"","astra-migrate-meta-layouts":"default","ast-page-background-enabled":"default","ast-page-background-meta":{"desktop":{"background-color":"var(--ast-global-color-4)","background-image":"","background-repeat":"repeat","background-position":"center center","background-size":"auto","background-attachment":"scroll","background-type":"","background-media":"","overlay-type":"","overlay-color":"","overlay-opacity":"","overlay-gradient":""},"tablet":{"background-color":"","background-image":"","background-repeat":"repeat","background-position":"center center","background-size":"auto","background-attachment":"scroll","background-type":"","background-media":"","overlay-type":"","overlay-color":"","overlay-opacity":"","overlay-gradient":""},"mobile":{"background-color":"","background-image":"","background-repeat":"repeat","background-position":"center center","background-size":"auto","background-attachment":"scroll","background-type":"","background-media":"","overlay-type":"","overlay-color":"","overlay-opacity":"","overlay-gradient":""}},"ast-content-background-meta":{"desktop":{"background-color":"var(--ast-global-color-5)","background-image":"","background-repeat":"repeat","background-position":"center center","background-size":"auto","background-attachment":"scroll","background-type":"","background-media":"","overlay-type":"","overlay-color":"","overlay-opacity":"","overlay-gradient":""},"tablet":{"background-color":"var(--ast-global-color-5)","background-image":"","background-repeat":"repeat","background-position":"center center","background-size":"auto","background-attachment":"scroll","background-type":"","background-media":"","overlay-type":"","overlay-color":"","overlay-opacity":"","overlay-gradient":""},"mobile":{"background-color":"var(--ast-global-color-5)","background-image":"","background-repeat":"repeat","background-position":"center center","background-size":"auto","background-attachment":"scroll","background-type":"","background-media":"","overlay-type":"","overlay-color":"","overlay-opacity":"","overlay-gradient":""}},"advanced_seo_description":"","jetpack_seo_html_title":"","jetpack_seo_noindex":false,"footnotes":""},"class_list":["post-1802","page","type-page","status-publish","hentry"],"jetpack_sharing_enabled":true,"_links":{"self":[{"href":"https:\/\/kineholistic.lu\/fr\/wp-json\/wp\/v2\/pages\/1802","targetHints":{"allow":["GET"]}}],"collection":[{"href":"https:\/\/kineholistic.lu\/fr\/wp-json\/wp\/v2\/pages"}],"about":[{"href":"https:\/\/kineholistic.lu\/fr\/wp-json\/wp\/v2\/types\/page"}],"author":[{"embeddable":true,"href":"https:\/\/kineholistic.lu\/fr\/wp-json\/wp\/v2\/users\/2"}],"replies":[{"embeddable":true,"href":"https:\/\/kineholistic.lu\/fr\/wp-json\/wp\/v2\/comments?post=1802"}],"version-history":[{"count":73,"href":"https:\/\/kineholistic.lu\/fr\/wp-json\/wp\/v2\/pages\/1802\/revisions"}],"predecessor-version":[{"id":2397,"href":"https:\/\/kineholistic.lu\/fr\/wp-json\/wp\/v2\/pages\/1802\/revisions\/2397"}],"wp:attachment":[{"href":"https:\/\/kineholistic.lu\/fr\/wp-json\/wp\/v2\/media?parent=1802"}],"curies":[{"name":"wp","href":"https:\/\/api.w.org\/{rel}","templated":true}]}}